{"id":11,"date":"2019-09-20T03:21:03","date_gmt":"2019-09-20T01:21:03","guid":{"rendered":"https:\/\/www.usefa.sk\/?page_id=11"},"modified":"2019-10-07T15:27:01","modified_gmt":"2019-10-07T13:27:01","slug":"vitajte","status":"publish","type":"page","link":"https:\/\/www.usefa.sk\/","title":{"rendered":"Vitajte"},"content":{"rendered":"","protected":false},"excerpt":{"rendered":"","protected":false},"author":1,"featured_media":0,"parent":0,"menu_order":0,"comment_status":"closed","ping_status":"closed","template":"","meta":[],"yoast_head":"<!-- This site is optimized with the Yoast SEO plugin v17.4 - https:\/\/yoast.com\/wordpress\/plugins\/seo\/ -->\n<title>Vitajte Bistro a Catering Kompletn\u00fd servis pre firmy a festivaly -<\/title>\n<meta name=\"description\" content=\"Zabezpe\u010d\u00edme pre V\u00e1s kompletn\u00fd Catering od stanov s vyhrievan\u00edm, sedenie pre z\u00e1kazn\u00edkov a\u017e po \u0161armantn\u00fa obsluhu. V\u0161etky \u0161peciality priprav\u00edme pred Vami.\" \/>\n<meta name=\"robots\" content=\"index, follow, max-snippet:-1, max-image-preview:large, max-video-preview:-1\" \/>\n<link rel=\"canonical\" href=\"https:\/\/www.usefa.sk\/\" \/>\n<meta property=\"og:locale\" content=\"sk_SK\" \/>\n<meta property=\"og:type\" content=\"article\" \/>\n<meta property=\"og:title\" content=\"Vitajte Bistro a Catering Kompletn\u00fd servis pre firmy a festivaly -\" \/>\n<meta property=\"og:description\" content=\"Zabezpe\u010d\u00edme pre V\u00e1s kompletn\u00fd Catering od stanov s vyhrievan\u00edm, sedenie pre z\u00e1kazn\u00edkov a\u017e po \u0161armantn\u00fa obsluhu. V\u0161etky \u0161peciality priprav\u00edme pred Vami.\" \/>\n<meta property=\"og:url\" content=\"https:\/\/www.usefa.sk\/\" \/>\n<meta property=\"og:site_name\" content=\"Bistro a Catering\" \/>\n<meta property=\"article:publisher\" content=\"https:\/\/www.facebook.com\/usefasro\/\" \/>\n<meta property=\"article:modified_time\" content=\"2019-10-07T13:27:01+00:00\" \/>\n<meta name=\"twitter:card\" content=\"summary_large_image\" \/>\n<script type=\"application\/ld+json\" class=\"yoast-schema-graph\">{\"@context\":\"https:\/\/schema.org\",\"@graph\":[{\"@type\":\"WebSite\",\"@id\":\"https:\/\/www.usefa.sk\/#website\",\"url\":\"https:\/\/www.usefa.sk\/\",\"name\":\"Bistro a Catering\",\"description\":\"Kompletn\\u00fd servis pre firmy a festivaly\",\"potentialAction\":[{\"@type\":\"SearchAction\",\"target\":{\"@type\":\"EntryPoint\",\"urlTemplate\":\"https:\/\/www.usefa.sk\/?s={search_term_string}\"},\"query-input\":\"required name=search_term_string\"}],\"inLanguage\":\"sk-SK\"},{\"@type\":\"WebPage\",\"@id\":\"https:\/\/www.usefa.sk\/#webpage\",\"url\":\"https:\/\/www.usefa.sk\/\",\"name\":\"Vitajte Bistro a Catering Kompletn\\u00fd servis pre firmy a festivaly -\",\"isPartOf\":{\"@id\":\"https:\/\/www.usefa.sk\/#website\"},\"datePublished\":\"2019-09-20T01:21:03+00:00\",\"dateModified\":\"2019-10-07T13:27:01+00:00\",\"description\":\"Zabezpe\\u010d\\u00edme pre V\\u00e1s kompletn\\u00fd Catering od stanov s vyhrievan\\u00edm, sedenie pre z\\u00e1kazn\\u00edkov a\\u017e po \\u0161armantn\\u00fa obsluhu. V\\u0161etky \\u0161peciality priprav\\u00edme pred Vami.\",\"breadcrumb\":{\"@id\":\"https:\/\/www.usefa.sk\/#breadcrumb\"},\"inLanguage\":\"sk-SK\",\"potentialAction\":[{\"@type\":\"ReadAction\",\"target\":[\"https:\/\/www.usefa.sk\/\"]}]},{\"@type\":\"BreadcrumbList\",\"@id\":\"https:\/\/www.usefa.sk\/#breadcrumb\",\"itemListElement\":[{\"@type\":\"ListItem\",\"position\":1,\"name\":\"Home\",\"item\":\"https:\/\/www.usefa.sk\/\"},{\"@type\":\"ListItem\",\"position\":2,\"name\":\"Vitajte\"}]}]}<\/script>\n<!-- \/ Yoast SEO plugin. -->","yoast_head_json":{"title":"Vitajte Bistro a Catering Kompletn\u00fd servis pre firmy a festivaly -","description":"Zabezpe\u010d\u00edme pre V\u00e1s kompletn\u00fd Catering od stanov s vyhrievan\u00edm, sedenie pre z\u00e1kazn\u00edkov a\u017e po \u0161armantn\u00fa obsluhu. V\u0161etky \u0161peciality priprav\u00edme pred Vami.","robots":{"index":"index","follow":"follow","max-snippet":"max-snippet:-1","max-image-preview":"max-image-preview:large","max-video-preview":"max-video-preview:-1"},"canonical":"https:\/\/www.usefa.sk\/","og_locale":"sk_SK","og_type":"article","og_title":"Vitajte Bistro a Catering Kompletn\u00fd servis pre firmy a festivaly -","og_description":"Zabezpe\u010d\u00edme pre V\u00e1s kompletn\u00fd Catering od stanov s vyhrievan\u00edm, sedenie pre z\u00e1kazn\u00edkov a\u017e po \u0161armantn\u00fa obsluhu. V\u0161etky \u0161peciality priprav\u00edme pred Vami.","og_url":"https:\/\/www.usefa.sk\/","og_site_name":"Bistro a Catering","article_publisher":"https:\/\/www.facebook.com\/usefasro\/","article_modified_time":"2019-10-07T13:27:01+00:00","twitter_card":"summary_large_image","schema":{"@context":"https:\/\/schema.org","@graph":[{"@type":"WebSite","@id":"https:\/\/www.usefa.sk\/#website","url":"https:\/\/www.usefa.sk\/","name":"Bistro a Catering","description":"Kompletn\u00fd servis pre firmy a festivaly","potentialAction":[{"@type":"SearchAction","target":{"@type":"EntryPoint","urlTemplate":"https:\/\/www.usefa.sk\/?s={search_term_string}"},"query-input":"required name=search_term_string"}],"inLanguage":"sk-SK"},{"@type":"WebPage","@id":"https:\/\/www.usefa.sk\/#webpage","url":"https:\/\/www.usefa.sk\/","name":"Vitajte Bistro a Catering Kompletn\u00fd servis pre firmy a festivaly -","isPartOf":{"@id":"https:\/\/www.usefa.sk\/#website"},"datePublished":"2019-09-20T01:21:03+00:00","dateModified":"2019-10-07T13:27:01+00:00","description":"Zabezpe\u010d\u00edme pre V\u00e1s kompletn\u00fd Catering od stanov s vyhrievan\u00edm, sedenie pre z\u00e1kazn\u00edkov a\u017e po \u0161armantn\u00fa obsluhu. V\u0161etky \u0161peciality priprav\u00edme pred Vami.","breadcrumb":{"@id":"https:\/\/www.usefa.sk\/#breadcrumb"},"inLanguage":"sk-SK","potentialAction":[{"@type":"ReadAction","target":["https:\/\/www.usefa.sk\/"]}]},{"@type":"BreadcrumbList","@id":"https:\/\/www.usefa.sk\/#breadcrumb","itemListElement":[{"@type":"ListItem","position":1,"name":"Home","item":"https:\/\/www.usefa.sk\/"},{"@type":"ListItem","position":2,"name":"Vitajte"}]}]}},"_links":{"self":[{"href":"https:\/\/www.usefa.sk\/index.php?rest_route=\/wp\/v2\/pages\/11"}],"collection":[{"href":"https:\/\/www.usefa.sk\/index.php?rest_route=\/wp\/v2\/pages"}],"about":[{"href":"https:\/\/www.usefa.sk\/index.php?rest_route=\/wp\/v2\/types\/page"}],"author":[{"embeddable":true,"href":"https:\/\/www.usefa.sk\/index.php?rest_route=\/wp\/v2\/users\/1"}],"replies":[{"embeddable":true,"href":"https:\/\/www.usefa.sk\/index.php?rest_route=%2Fwp%2Fv2%2Fcomments&post=11"}],"version-history":[{"count":1,"href":"https:\/\/www.usefa.sk\/index.php?rest_route=\/wp\/v2\/pages\/11\/revisions"}],"predecessor-version":[{"id":12,"href":"https:\/\/www.usefa.sk\/index.php?rest_route=\/wp\/v2\/pages\/11\/revisions\/12"}],"wp:attachment":[{"href":"https:\/\/www.usefa.sk\/index.php?rest_route=%2Fwp%2Fv2%2Fmedia&parent=11"}],"curies":[{"name":"wp","href":"https:\/\/api.w.org\/{rel}","templated":true}]}}